{"id":4821,"date":"2021-01-21T13:03:07","date_gmt":"2021-01-21T12:03:07","guid":{"rendered":"https:\/\/www.kamil.ch\/blog\/?page_id=4821"},"modified":"2022-04-20T20:20:42","modified_gmt":"2022-04-20T18:20:42","slug":"kontakt","status":"publish","type":"page","link":"https:\/\/www.kamil.ch\/blog\/kontakt\/","title":{"rendered":"Kontakt"},"content":{"rendered":"\n<h2 class=\"wp-block-heading\">Kontaktaufnahme<\/h2>\n\n\n\n<h4 class=\"wp-block-heading\">Telefonische Sprechzeiten<\/h4>\n\n\n\n<p>Montags bis Freitags zwischen 9\u201318 Uhr<\/p>\n\n\n\n<p>Telefon oder WhatsApp: +49 (0) 157 37 79 30 88<\/p>\n\n\n\n<div style=\"height:20px\" aria-hidden=\"true\" class=\"wp-block-spacer\"><\/div>\n\n\n\n<figure class=\"wp-block-image\"><img loading=\"lazy\" decoding=\"async\" width=\"1500\" height=\"1068\" src=\"https:\/\/www.kamil.ch\/blog\/wp-content\/uploads\/2021\/01\/Visitenkarten-Dummy.jpg\" alt=\"\" class=\"wp-image-4817\" srcset=\"https:\/\/www.kamil.ch\/blog\/wp-content\/uploads\/2021\/01\/Visitenkarten-Dummy.jpg 1500w, https:\/\/www.kamil.ch\/blog\/wp-content\/uploads\/2021\/01\/Visitenkarten-Dummy-300x214.jpg 300w, https:\/\/www.kamil.ch\/blog\/wp-content\/uploads\/2021\/01\/Visitenkarten-Dummy-1024x729.jpg 1024w, https:\/\/www.kamil.ch\/blog\/wp-content\/uploads\/2021\/01\/Visitenkarten-Dummy-768x547.jpg 768w\" sizes=\"auto, (max-width: 1500px) 100vw, 1500px\" \/><\/figure>\n\n\n\n<div style=\"height:20px\" aria-hidden=\"true\" class=\"wp-block-spacer\"><\/div>\n\n\n\n<h4 class=\"wp-block-heading\">E-Mail<\/h4>\n\n\n\n<p>Sie k\u00f6nnen sich \u00fcber E-Mail mit mir in Verbindung setzen. Nennen Sie bitte Ihren Namen, Betreff und Anliegen in K\u00fcrze, den angedachten Projektzeitraum und wann ich Sie telefonisch zur\u00fcckrufen k\u00f6nnte. Fordern Sie bei Bedarf ein Angebot ein.<\/p>\n\n\n\n<div style=\"height:10px\" aria-hidden=\"true\" class=\"wp-block-spacer\"><\/div>\n\n\n\n<p>E-Mail: mail[at]kamil.ch<\/p>\n\n\n\n<div style=\"height:20px\" aria-hidden=\"true\" class=\"wp-block-spacer\"><\/div>\n\n\n\n<h4 class=\"wp-block-heading\">Kontaktformular<\/h4>\n\n\n\n<p>Alternativ k\u00f6nnen Sie das nachfolgende Formular ausf\u00fcllen und per [Sende E-Mail] abschicken. Dieses Kontaktformular speichert keine Informationen in der WordPress-Datenbank ab, stattdessen leitet es die Anfrage direkt per E-Mail an mich weiter.<\/p>\n\n\n\n<div style=\"height:20px\" aria-hidden=\"true\" class=\"wp-block-spacer\"><\/div>\n\n\n\n\n<div class=\"wpcf7 no-js\" id=\"wpcf7-f1850-o1\" lang=\"en-US\" dir=\"ltr\" data-wpcf7-id=\"1850\">\n<div class=\"screen-reader-response\"><p role=\"status\" aria-live=\"polite\" aria-atomic=\"true\"><\/p> <ul><\/ul><\/div>\n<form action=\"\/blog\/wp-json\/wp\/v2\/pages\/4821#wpcf7-f1850-o1\" method=\"post\" class=\"wpcf7-form init\" aria-label=\"Contact form\" novalidate=\"novalidate\" data-status=\"init\">\n<div style=\"display: none;\">\n<input type=\"hidden\" name=\"_wpcf7\" value=\"1850\" \/>\n<input type=\"hidden\" name=\"_wpcf7_version\" value=\"6.0.2\" \/>\n<input type=\"hidden\" name=\"_wpcf7_locale\" value=\"en_US\" \/>\n<input type=\"hidden\" name=\"_wpcf7_unit_tag\" value=\"wpcf7-f1850-o1\" \/>\n<input type=\"hidden\" name=\"_wpcf7_container_post\" value=\"0\" \/>\n<input type=\"hidden\" name=\"_wpcf7_posted_data_hash\" value=\"\" \/>\n<\/div>\n<p><span class=\"wpcf7-form-control-wrap\" data-name=\"zustimmung\"><span class=\"wpcf7-form-control wpcf7-acceptance\"><span class=\"wpcf7-list-item\"><label><input type=\"checkbox\" name=\"zustimmung\" value=\"1\" aria-invalid=\"false\" \/><span class=\"wpcf7-list-item-label\"><a href=\"https:\/\/www.kamil.ch\/blog\/impressum-legal-disclosure-de\">Impressum und Datenschutzerkl\u00e4rung<\/a><\/p><p>habe ich gelesen und akzeptiert und stimme zu, dass meine Formulardaten gespeichert* werden, um mich per E-Mail zu kontaktieren und mir Ihre Anfrage mitzuteilen.<\/p><\/span><\/label><\/span><\/span><\/span>\n<\/p>\n<p>&nbsp;\n<\/p>\n<p><span class=\"wpcf7-form-control-wrap\" data-name=\"your-name\"><input size=\"40\" maxlength=\"400\" class=\"wpcf7-form-control wpcf7-text wpcf7-validates-as-required\" aria-required=\"true\" aria-invalid=\"false\" placeholder=\"*Name\" value=\"\" type=\"text\" name=\"your-name\" \/><\/span>\n<\/p>\n<p><span class=\"wpcf7-form-control-wrap\" data-name=\"your-email\"><input size=\"40\" maxlength=\"400\" class=\"wpcf7-form-control wpcf7-email wpcf7-validates-as-required wpcf7-text wpcf7-validates-as-email\" aria-required=\"true\" aria-invalid=\"false\" placeholder=\"*E-Mail (Bleibt vertraulich)\" value=\"\" type=\"email\" name=\"your-email\" \/><\/span>\n<\/p>\n<p><span id=\"wpcf7-69f38dfa4b78d-wrapper\" class=\"wpcf7-form-control-wrap karate-do-wrap\" style=\"display:none !important; visibility:hidden !important;\"><label for=\"wpcf7-69f38dfa4b78d-field\" class=\"hp-message\">Please leave this field empty.<\/label><input id=\"wpcf7-69f38dfa4b78d-field\"  class=\"wpcf7-form-control wpcf7-text\" type=\"text\" name=\"karate-do\" value=\"\" size=\"40\" tabindex=\"-1\" autocomplete=\"new-password\" \/><\/span>\n<\/p>\n<p><span class=\"wpcf7-form-control-wrap\" data-name=\"your-subject\"><input size=\"40\" maxlength=\"400\" class=\"wpcf7-form-control wpcf7-text wpcf7-validates-as-required\" aria-required=\"true\" aria-invalid=\"false\" placeholder=\"*Betreff\" value=\"\" type=\"text\" name=\"your-subject\" \/><\/span>\n<\/p>\n<p><span class=\"wpcf7-form-control-wrap\" data-name=\"your-message\"><textarea cols=\"40\" rows=\"10\" maxlength=\"2000\" class=\"wpcf7-form-control wpcf7-textarea wpcf7-validates-as-required\" aria-required=\"true\" aria-invalid=\"false\" placeholder=\"*Nachricht\" name=\"your-message\"><\/textarea><\/span>\n<\/p>\n<p><span class=\"wpcf7-form-control-wrap\" data-name=\"your-job-time-period\"><input size=\"40\" maxlength=\"400\" class=\"wpcf7-form-control wpcf7-text wpcf7-validates-as-required\" aria-required=\"true\" aria-invalid=\"false\" placeholder=\"*Projektzeitraum\" value=\"\" type=\"text\" name=\"your-job-time-period\" \/><\/span>\n<\/p>\n<p>&nbsp;\n<\/p>\n<p><input class=\"wpcf7-form-control wpcf7-submit has-spinner\" type=\"submit\" value=\"Sende E-Mail\" \/>\n<\/p><div class=\"wpcf7-response-output\" aria-hidden=\"true\"><\/div>\n<\/form>\n<\/div>\n\n\n\n\n<p><\/p>\n","protected":false},"excerpt":{"rendered":"<p>Kontaktaufnahme Telefonische Sprechzeiten Montags bis Freitags zwischen 9\u201318 Uhr Telefon oder WhatsApp: +49 (0) 157 37 79 30 88 E-Mail Sie k\u00f6nnen sich \u00fcber E-Mail mit mir in Verbindung setzen. &#8230;<\/p>\n","protected":false},"author":1,"featured_media":0,"parent":0,"menu_order":0,"comment_status":"closed","ping_status":"closed","template":"","meta":{"inline_featured_image":false,"footnotes":""},"class_list":["post-4821","page","type-page","status-publish","hentry"],"_links":{"self":[{"href":"https:\/\/www.kamil.ch\/blog\/wp-json\/wp\/v2\/pages\/4821","targetHints":{"allow":["GET"]}}],"collection":[{"href":"https:\/\/www.kamil.ch\/blog\/wp-json\/wp\/v2\/pages"}],"about":[{"href":"https:\/\/www.kamil.ch\/blog\/wp-json\/wp\/v2\/types\/page"}],"author":[{"embeddable":true,"href":"https:\/\/www.kamil.ch\/blog\/wp-json\/wp\/v2\/users\/1"}],"replies":[{"embeddable":true,"href":"https:\/\/www.kamil.ch\/blog\/wp-json\/wp\/v2\/comments?post=4821"}],"version-history":[{"count":127,"href":"https:\/\/www.kamil.ch\/blog\/wp-json\/wp\/v2\/pages\/4821\/revisions"}],"predecessor-version":[{"id":7167,"href":"https:\/\/www.kamil.ch\/blog\/wp-json\/wp\/v2\/pages\/4821\/revisions\/7167"}],"wp:attachment":[{"href":"https:\/\/www.kamil.ch\/blog\/wp-json\/wp\/v2\/media?parent=4821"}],"curies":[{"name":"wp","href":"https:\/\/api.w.org\/{rel}","templated":true}]}}