{"id":23,"date":"2019-08-26T12:42:57","date_gmt":"2019-08-26T10:42:57","guid":{"rendered":"http:\/\/www.kamil.ch\/blog\/?page_id=23"},"modified":"2022-05-04T11:52:41","modified_gmt":"2022-05-04T09:52:41","slug":"skatedecks","status":"publish","type":"page","link":"https:\/\/www.kamil.ch\/blog\/skatedecks\/","title":{"rendered":"Skateboard decks"},"content":{"rendered":"\n<h2 class=\"wp-block-heading\">Skateboard decks<\/h2>\n\n\n\n<p>2013 fing ich versuchsweise an auf einem Longboard zu fahren und wechselte ein Jahr sp\u00e4ter zum Skaten. Aus Zeitmangel lernte ich zwar nur wenige Tricks, dennoch hatte ich an zahlreichen Wochenenden viel Spa\u00df daran und fing irgendwann an eigene Entw\u00fcrfe auf leere Holzdecks zu zeichnen. Es folgte die Organisation einer Ausstellung mit vielen Teilnehmern zum Thema einer k\u00fcnstlerischen Auseinandersetzung mit leeren Skateboard-Decks. Seitdem ich Freiberufler bin, trau ich mich aber auch nicht mehr aufs Board.<\/p>\n\n\n\n<div style=\"height:30px\" aria-hidden=\"true\" class=\"wp-block-spacer\"><\/div>\n\n\n\n<figure class=\"wp-block-image\"><img loading=\"lazy\" decoding=\"async\" width=\"1024\" height=\"577\" src=\"http:\/\/www.kamil.ch\/blog\/wp-content\/uploads\/2019\/08\/board_outside-1024x577.jpg\" alt=\"\" class=\"wp-image-70\" srcset=\"https:\/\/www.kamil.ch\/blog\/wp-content\/uploads\/2019\/08\/board_outside-1024x577.jpg 1024w, https:\/\/www.kamil.ch\/blog\/wp-content\/uploads\/2019\/08\/board_outside-300x169.jpg 300w, https:\/\/www.kamil.ch\/blog\/wp-content\/uploads\/2019\/08\/board_outside-768x433.jpg 768w, https:\/\/www.kamil.ch\/blog\/wp-content\/uploads\/2019\/08\/board_outside.jpg 1296w\" sizes=\"auto, (max-width: 1024px) 100vw, 1024px\" \/><\/figure>\n\n\n\n<figure class=\"wp-block-image\"><img loading=\"lazy\" decoding=\"async\" width=\"1024\" height=\"577\" src=\"http:\/\/www.kamil.ch\/blog\/wp-content\/uploads\/2019\/08\/skateboard_2014_nov_02-1024x577.jpg\" alt=\"\" class=\"wp-image-73\" srcset=\"https:\/\/www.kamil.ch\/blog\/wp-content\/uploads\/2019\/08\/skateboard_2014_nov_02-1024x577.jpg 1024w, https:\/\/www.kamil.ch\/blog\/wp-content\/uploads\/2019\/08\/skateboard_2014_nov_02-300x169.jpg 300w, https:\/\/www.kamil.ch\/blog\/wp-content\/uploads\/2019\/08\/skateboard_2014_nov_02-768x433.jpg 768w, https:\/\/www.kamil.ch\/blog\/wp-content\/uploads\/2019\/08\/skateboard_2014_nov_02.jpg 1200w\" sizes=\"auto, (max-width: 1024px) 100vw, 1024px\" \/><\/figure>\n\n\n\n<p>Erster experimenteller Versuch.<\/p>\n\n\n\n<p>Jahr: 2014<\/p>\n\n\n\n<div style=\"height:30px\" aria-hidden=\"true\" class=\"wp-block-spacer\"><\/div>\n\n\n\n<figure class=\"wp-block-image\"><img loading=\"lazy\" decoding=\"async\" width=\"1024\" height=\"682\" src=\"http:\/\/www.kamil.ch\/blog\/wp-content\/uploads\/2019\/08\/pressure_01e-1024x682.jpg\" alt=\"\" class=\"wp-image-72\" srcset=\"https:\/\/www.kamil.ch\/blog\/wp-content\/uploads\/2019\/08\/pressure_01e-1024x682.jpg 1024w, https:\/\/www.kamil.ch\/blog\/wp-content\/uploads\/2019\/08\/pressure_01e-300x200.jpg 300w, https:\/\/www.kamil.ch\/blog\/wp-content\/uploads\/2019\/08\/pressure_01e-768x512.jpg 768w, https:\/\/www.kamil.ch\/blog\/wp-content\/uploads\/2019\/08\/pressure_01e.jpg 1280w\" sizes=\"auto, (max-width: 1024px) 100vw, 1024px\" \/><\/figure>\n\n\n\n<p>Silberzeichnung, inspiriert von Bruchlinien durch Druck auf Geb\u00e4udefliesen und der japanischen Kunst von Kintsugi, bei der kin (Gold) verwendet wird, um zerbrochene Keramik zu reparieren.<\/p>\n\n\n\n<p>Jahr: 2016<\/p>\n\n\n\n<div style=\"height:30px\" aria-hidden=\"true\" class=\"wp-block-spacer\"><\/div>\n\n\n\n<figure class=\"wp-block-image\"><img loading=\"lazy\" decoding=\"async\" width=\"1024\" height=\"577\" src=\"http:\/\/www.kamil.ch\/blog\/wp-content\/uploads\/2019\/08\/longboard_kamil-1024x577.jpg\" alt=\"\" class=\"wp-image-71\" srcset=\"https:\/\/www.kamil.ch\/blog\/wp-content\/uploads\/2019\/08\/longboard_kamil-1024x577.jpg 1024w, https:\/\/www.kamil.ch\/blog\/wp-content\/uploads\/2019\/08\/longboard_kamil-300x169.jpg 300w, https:\/\/www.kamil.ch\/blog\/wp-content\/uploads\/2019\/08\/longboard_kamil-768x433.jpg 768w, https:\/\/www.kamil.ch\/blog\/wp-content\/uploads\/2019\/08\/longboard_kamil.jpg 1296w\" sizes=\"auto, (max-width: 1024px) 100vw, 1024px\" \/><\/figure>\n\n\n\n<p>Bemaltes Longboard f\u00fcr eine Austellung von Barak Rom in Tel Aviv, die 2017 stattfand. Die Umsetzung damals im <a href=\"http:\/\/www.atelier-aeuglein.de\/\">Atelier \u00c4uglein<\/a>, wo ich einen Ateliersplatz hatte.<\/p>\n\n\n\n<p>Jahr: 2016<\/p>\n\n\n\n<div style=\"height:30px\" aria-hidden=\"true\" class=\"wp-block-spacer\"><\/div>\n\n\n\n<figure class=\"wp-block-image\"><img loading=\"lazy\" decoding=\"async\" width=\"1024\" height=\"683\" src=\"http:\/\/www.kamil.ch\/blog\/wp-content\/uploads\/2019\/08\/2017_1und2-1024x683.jpg\" alt=\"Painted Skateboards\" class=\"wp-image-69\" srcset=\"https:\/\/www.kamil.ch\/blog\/wp-content\/uploads\/2019\/08\/2017_1und2-1024x683.jpg 1024w, https:\/\/www.kamil.ch\/blog\/wp-content\/uploads\/2019\/08\/2017_1und2-300x200.jpg 300w, https:\/\/www.kamil.ch\/blog\/wp-content\/uploads\/2019\/08\/2017_1und2-768x512.jpg 768w, https:\/\/www.kamil.ch\/blog\/wp-content\/uploads\/2019\/08\/2017_1und2.jpg 1296w\" sizes=\"auto, (max-width: 1024px) 100vw, 1024px\" \/><figcaption>\u2191 Bild: Das untere Deck blieb unvollendet. Die Deckbemalung konnte ich erst ein paar Tage vor der Ausstellung in Angriff nehmen.<\/figcaption><\/figure>\n\n\n\n<p>Ich war einige Monate damit besch\u00e4ftigt, parallel zu meinem Vollzeitjob, eine Galerie zu finden und eine Gruppenausstellung zu organisieren. Da viele Teilnehmer jedoch ihre feste Zusage sehr lange hinausz\u00f6gerten und einige kurzfristig abgesprungen sind, fehlte mir dann f\u00fcr meine eigenen Arbeiten am Ende etwas Zeit. Dennoch hat es insgesamt viel Spa\u00df bereitet und die Ausstellungser\u00f6ffnung war eine tolle Veranstaltung mit zahlreichen Teilnehmern.<\/p>\n\n\n\n<p>Jahr: 2017<\/p>\n","protected":false},"excerpt":{"rendered":"<p>Skateboard decks 2013 fing ich versuchsweise an auf einem Longboard zu fahren und wechselte ein Jahr sp\u00e4ter zum Skaten. Aus Zeitmangel lernte ich zwar nur wenige Tricks, dennoch hatte ich &#8230;<\/p>\n","protected":false},"author":1,"featured_media":0,"parent":0,"menu_order":0,"comment_status":"closed","ping_status":"closed","template":"","meta":{"inline_featured_image":false,"footnotes":""},"class_list":["post-23","page","type-page","status-publish","hentry"],"_links":{"self":[{"href":"https:\/\/www.kamil.ch\/blog\/wp-json\/wp\/v2\/pages\/23","targetHints":{"allow":["GET"]}}],"collection":[{"href":"https:\/\/www.kamil.ch\/blog\/wp-json\/wp\/v2\/pages"}],"about":[{"href":"https:\/\/www.kamil.ch\/blog\/wp-json\/wp\/v2\/types\/page"}],"author":[{"embeddable":true,"href":"https:\/\/www.kamil.ch\/blog\/wp-json\/wp\/v2\/users\/1"}],"replies":[{"embeddable":true,"href":"https:\/\/www.kamil.ch\/blog\/wp-json\/wp\/v2\/comments?post=23"}],"version-history":[{"count":71,"href":"https:\/\/www.kamil.ch\/blog\/wp-json\/wp\/v2\/pages\/23\/revisions"}],"predecessor-version":[{"id":7608,"href":"https:\/\/www.kamil.ch\/blog\/wp-json\/wp\/v2\/pages\/23\/revisions\/7608"}],"wp:attachment":[{"href":"https:\/\/www.kamil.ch\/blog\/wp-json\/wp\/v2\/media?parent=23"}],"curies":[{"name":"wp","href":"https:\/\/api.w.org\/{rel}","templated":true}]}}